{"id":321,"date":"2016-06-30T07:41:40","date_gmt":"2016-06-30T07:41:40","guid":{"rendered":"http:\/\/blanks.es\/?page_id=321"},"modified":"2016-07-04T14:20:29","modified_gmt":"2016-07-04T14:20:29","slug":"desarrollo","status":"publish","type":"page","link":"https:\/\/www.blanks.es\/?page_id=321","title":{"rendered":"Imagen"},"content":{"rendered":"<div class=\"section-full-width section-light\" style=\"background-color:#f7f7f7;\"><div style=\"background-image:url(https:\/\/www.blanks.es\/wp-content\/uploads\/2016\/06\/IMAGEN-01-PORTADA.jpg); opacity:1; filter: alpha(opacity=100);\" class=\"full-bg-image\" ><\/div><div class=\"section-boxed\" style=\"color:#777777;\"><div class=\"eds-animate edsanimate-sis-hidden \" data-eds-entry-animation=\"zoomIn\" data-eds-entry-delay=\"0\" data-eds-entry-duration=\"0.5\" data-eds-entry-timing=\"linear\" data-eds-exit-animation=\"\" data-eds-exit-delay=\"\" data-eds-exit-duration=\"\" data-eds-exit-timing=\"\" data-eds-repeat-count=\"1\" data-eds-keep=\"yes\" data-eds-animate-on=\"load\" data-eds-scroll-offset=\"\">\n<h6><span style=\"color: #595959;\">Creacion, desarrollo y actualizaci\u00f3n de p\u00e1ginas WEB y RRSS.<\/span><\/h6>\n<h6 style=\"text-align: left;\"><span style=\"color: #595959;\">Comunicaci\u00f3n y prensa.<\/span><\/h6>\n<h6 style=\"text-align: left;\"><span style=\"color: #595959;\">Marketing.<\/span><\/h6>\n<h6 style=\"text-align: left;\"><span style=\"color: #595959;\">Desarrollo de campa\u00f1as publicitarias y de imagen:<\/span><\/h6>\n<h6 style=\"text-align: left;\"><span style=\"color: #595959;\">&#8211; Busqueda y coordinacion del equipo de trabajo (fot\u00f3grafo, maquillaje y peluquer\u00eda, localizaci\u00f3n, dise\u00f1ador gr\u00e1fico\/maquetador, imprenta, catering).<\/span><\/h6>\n<h6 style=\"text-align: left;\"><span style=\"color: #595959;\">&#8211; Casting modelos.<\/span><\/h6>\n<h6 style=\"text-align: left;\"><span style=\"color: #595959;\">&#8211; MOOD campa\u00f1a.<\/span><\/h6>\n<h6 style=\"text-align: left;\"><span style=\"color: #595959;\">&#8211; LOOK BOOK.<\/span><\/h6>\n<h6 style=\"text-align: left;\"><span style=\"color: #595959;\">&#8211; FASHION FILM.<\/span><\/h6>\n<\/div>\n<p>\n<\/div><\/div>\n","protected":false},"excerpt":{"rendered":"","protected":false},"author":1,"featured_media":0,"parent":0,"menu_order":10,"comment_status":"closed","ping_status":"closed","template":"template-full-custom.php","meta":{"footnotes":""},"class_list":["post-321","page","type-page","status-publish","hentry"],"_links":{"self":[{"href":"https:\/\/www.blanks.es\/index.php?rest_route=\/wp\/v2\/pages\/321","targetHints":{"allow":["GET"]}}],"collection":[{"href":"https:\/\/www.blanks.es\/index.php?rest_route=\/wp\/v2\/pages"}],"about":[{"href":"https:\/\/www.blanks.es\/index.php?rest_route=\/wp\/v2\/types\/page"}],"author":[{"embeddable":true,"href":"https:\/\/www.blanks.es\/index.php?rest_route=\/wp\/v2\/users\/1"}],"replies":[{"embeddable":true,"href":"https:\/\/www.blanks.es\/index.php?rest_route=%2Fwp%2Fv2%2Fcomments&post=321"}],"version-history":[{"count":7,"href":"https:\/\/www.blanks.es\/index.php?rest_route=\/wp\/v2\/pages\/321\/revisions"}],"predecessor-version":[{"id":377,"href":"https:\/\/www.blanks.es\/index.php?rest_route=\/wp\/v2\/pages\/321\/revisions\/377"}],"wp:attachment":[{"href":"https:\/\/www.blanks.es\/index.php?rest_route=%2Fwp%2Fv2%2Fmedia&parent=321"}],"curies":[{"name":"wp","href":"https:\/\/api.w.org\/{rel}","templated":true}]}}