{"id":141,"date":"2016-06-27T16:07:37","date_gmt":"2016-06-27T16:07:37","guid":{"rendered":"http:\/\/blanks.es\/?page_id=141"},"modified":"2016-07-04T10:08:27","modified_gmt":"2016-07-04T10:08:27","slug":"branding","status":"publish","type":"page","link":"https:\/\/www.blanks.es\/?page_id=141","title":{"rendered":"Identidad corporativa"},"content":{"rendered":"<div class=\"section-full-width section-light\" style=\"background-color:#f7f7f7;\"><div style=\"background-image:url(https:\/\/www.blanks.es\/wp-content\/uploads\/2016\/06\/IMAGEN-01-PORTADA.jpg); opacity:1; filter: alpha(opacity=100);\" class=\"full-bg-image\" ><\/div><div class=\"section-boxed\" style=\"color:#777777;\"><div class=\"eds-animate edsanimate-sis-hidden \" data-eds-entry-animation=\"zoomIn\" data-eds-entry-delay=\"0\" data-eds-entry-duration=\"0.5\" data-eds-entry-timing=\"linear\" data-eds-exit-animation=\"\" data-eds-exit-delay=\"\" data-eds-exit-duration=\"\" data-eds-exit-timing=\"\" data-eds-repeat-count=\"1\" data-eds-keep=\"yes\" data-eds-animate-on=\"load\" data-eds-scroll-offset=\"\">\n<h6><\/h6>\n<h6><span style=\"color: #575555;\">Desarrollamos la identidad corporativa de tu empresa\u2026<\/span><\/h6>\n<h6 style=\"text-align: justify;\"><span style=\"color: #575555;\">Creamos la imagen, las sensaciones, las emociones, la filosof\u00eda y los valores que tu empresa debe transmitir al exterior y todos los elementos que se perciben de ella.<\/span><\/h6>\n<h6 style=\"text-align: justify;\"><span style=\"color: #575555;\">Hoy m\u00e1s que nunca, las empresas necesitan realizar acciones que contribuyan a crear una imagen atractiva, moderna y actual para llegar a sus clientes de una manera m\u00e1s cercana, eficiente y comprometida.<\/span><\/h6>\n<h6 style=\"text-align: justify;\"><span style=\"color: #575555;\">Queremos ayudarte a crear y difundir de la manera m\u00e1s atractiva posible la imagen de tu empresa como una parte fundamental de la identidad corporativa de la misma:<\/span><\/h6>\n<h6><span style=\"color: #575555;\">\u00a0\u00a0\u00a0\u00a0\u00a0\u00a0\u00a0\u00a0\u00a0\u00a0\u00a0\u00a0\u00a0\u00a0\u00a0\u00a0\u00a0\u00a0\u00a0\u00a0\u00a0\u00a0\u00a0\u00a0\u00a0\u00a0\u00a0\u00a0\u00a0\u00a0\u00a0\u00a0\u00a0<strong>\u00a0\u00a0\u00a0\u00a0\u00a0\u00a0 &#8211; Branding\u00a0 &#8211; Naming\u00a0\u00a0 &#8211; Dise\u00f1o de logotipos <\/strong><\/span><span style=\"color: #575555;\"><strong>&#8211; Dise\u00f1o de papeler\u00eda corporativa &#8211;<\/strong> <\/span><\/h6>\n<h6 style=\"text-align: justify;\"><span style=\"color: #575555;\"><strong>Branding\u00a0 &#8211;\u00a0 <\/strong>Trabajamos junto a ti en el proceso de hacer y construir tu marca. Creamos su identidad y su esencia para contar historias y de transmitir emoci\u00f3n a trav\u00e9s de la comunicaci\u00f3n visual y el marketing.<\/span><\/h6>\n<h6 style=\"text-align: justify;\"><span style=\"color: #575555;\"><strong>Naming<\/strong>\u00a0 &#8211;\u00a0 Creamos el nombre, la identidad verbal de tu marca. Es una idea abstracta a partir de la cual generamos una imagen que nos permite desarrollar la Identidad corporativa.<\/span><\/h6>\n<h6 style=\"text-align: justify;\"><span style=\"color: #575555;\"><strong>Logotipo\u00a0 &#8211;\u00a0 <\/strong>El logotipo es un elemento fundamental en el proceso de creaci\u00f3n de tu marca, trabajamos contigo en el desarrollo de un logotipo que transmita su identidad.<\/span><\/h6>\n<h6 style=\"text-align: justify;\"><span style=\"color: #575555;\"><strong>Papeler\u00eda corporativa\u00a0<\/strong> &#8211;\u00a0 Dise\u00f1amos todos los elementos de comunicaci\u00f3n y de la papeler\u00eda de tu empresa, desarrollando uno de los aspectos m\u00e1s importantes de branding y de imagen corporativa con much\u00edsimo cuidado ya que es a trav\u00e9s de ellas que se proyecta la imagen de tu empresa al exterior.<\/span><\/h6>\n<\/div>\n<p>\n<\/div><\/div>\n","protected":false},"excerpt":{"rendered":"","protected":false},"author":1,"featured_media":0,"parent":6,"menu_order":0,"comment_status":"closed","ping_status":"closed","template":"template-full-custom.php","meta":{"footnotes":""},"class_list":["post-141","page","type-page","status-publish","hentry"],"_links":{"self":[{"href":"https:\/\/www.blanks.es\/index.php?rest_route=\/wp\/v2\/pages\/141","targetHints":{"allow":["GET"]}}],"collection":[{"href":"https:\/\/www.blanks.es\/index.php?rest_route=\/wp\/v2\/pages"}],"about":[{"href":"https:\/\/www.blanks.es\/index.php?rest_route=\/wp\/v2\/types\/page"}],"author":[{"embeddable":true,"href":"https:\/\/www.blanks.es\/index.php?rest_route=\/wp\/v2\/users\/1"}],"replies":[{"embeddable":true,"href":"https:\/\/www.blanks.es\/index.php?rest_route=%2Fwp%2Fv2%2Fcomments&post=141"}],"version-history":[{"count":11,"href":"https:\/\/www.blanks.es\/index.php?rest_route=\/wp\/v2\/pages\/141\/revisions"}],"predecessor-version":[{"id":341,"href":"https:\/\/www.blanks.es\/index.php?rest_route=\/wp\/v2\/pages\/141\/revisions\/341"}],"up":[{"embeddable":true,"href":"https:\/\/www.blanks.es\/index.php?rest_route=\/wp\/v2\/pages\/6"}],"wp:attachment":[{"href":"https:\/\/www.blanks.es\/index.php?rest_route=%2Fwp%2Fv2%2Fmedia&parent=141"}],"curies":[{"name":"wp","href":"https:\/\/api.w.org\/{rel}","templated":true}]}}