{"id":106,"date":"2016-06-27T15:47:59","date_gmt":"2016-06-27T15:47:59","guid":{"rendered":"http:\/\/blanks.es\/?page_id=106"},"modified":"2016-07-04T11:34:03","modified_gmt":"2016-07-04T11:34:03","slug":"colecciones","status":"publish","type":"page","link":"https:\/\/www.blanks.es\/?page_id=106","title":{"rendered":"Colecciones"},"content":{"rendered":"<div class=\"section-full-width section-light\" style=\"background-color:#f7f7f7;\"><div style=\"background-image:url(https:\/\/www.blanks.es\/wp-content\/uploads\/2016\/06\/IMAGEN-01-PORTADA.jpg); opacity:1; filter: alpha(opacity=100);\" class=\"full-bg-image\" ><\/div><div class=\"section-boxed\" style=\"color:#777777;\"><div class=\"eds-animate edsanimate-sis-hidden \" data-eds-entry-animation=\"zoomIn\" data-eds-entry-delay=\"0\" data-eds-entry-duration=\"0.5\" data-eds-entry-timing=\"linear\" data-eds-exit-animation=\"\" data-eds-exit-delay=\"\" data-eds-exit-duration=\"\" data-eds-exit-timing=\"\" data-eds-repeat-count=\"1\" data-eds-keep=\"yes\" data-eds-animate-on=\"load\" data-eds-scroll-offset=\"\">\n<h6 style=\"text-align: left;\"><\/h6>\n<h6 style=\"text-align: left;\"><\/h6>\n<h6 style=\"text-align: left;\"><span style=\"color: #575454;\">Desarrollo y dise\u00f1o de COLECCI\u00d3N seg\u00fan la necesidad detallada por el cliente.<br \/>\n<\/span><\/h6>\n<h6 style=\"text-align: left;\"><span style=\"text-decoration: underline;\"><span style=\"color: #575454; text-decoration: underline;\">PLANTEAMIENTO DE COLECCI\u00d3N:<\/span><\/span><\/h6>\n<h6 style=\"text-align: left;\"><strong><span style=\"color: #575454;\">Estructura \u2013 Calidades \u2013 Producto &#8211; Necesidad &#8211; Cantidades<\/span><\/strong><\/h6>\n<h6 style=\"text-align: left;\"><span style=\"color: #575454;\">An\u00e1lisis de venta y proyecci\u00f3n de decisiones a corto y largo plazo.<\/span><\/h6>\n<h6 style=\"text-align: left;\"><span style=\"color: #575454;\">Actualizaci\u00f3n semanal de tendencias segmentada por mercados, pa\u00edses y producto estudiadas espec\u00edficamente para cada cliente.<\/span><\/h6>\n<p>&nbsp;<\/p>\n<p>&nbsp;<\/p>\n<p>&nbsp;<\/p>\n<\/div>\n<p>\n<\/div><\/div>\n","protected":false},"excerpt":{"rendered":"","protected":false},"author":1,"featured_media":0,"parent":8,"menu_order":0,"comment_status":"closed","ping_status":"closed","template":"template-full-custom.php","meta":{"footnotes":""},"class_list":["post-106","page","type-page","status-publish","hentry"],"_links":{"self":[{"href":"https:\/\/www.blanks.es\/index.php?rest_route=\/wp\/v2\/pages\/106","targetHints":{"allow":["GET"]}}],"collection":[{"href":"https:\/\/www.blanks.es\/index.php?rest_route=\/wp\/v2\/pages"}],"about":[{"href":"https:\/\/www.blanks.es\/index.php?rest_route=\/wp\/v2\/types\/page"}],"author":[{"embeddable":true,"href":"https:\/\/www.blanks.es\/index.php?rest_route=\/wp\/v2\/users\/1"}],"replies":[{"embeddable":true,"href":"https:\/\/www.blanks.es\/index.php?rest_route=%2Fwp%2Fv2%2Fcomments&post=106"}],"version-history":[{"count":15,"href":"https:\/\/www.blanks.es\/index.php?rest_route=\/wp\/v2\/pages\/106\/revisions"}],"predecessor-version":[{"id":373,"href":"https:\/\/www.blanks.es\/index.php?rest_route=\/wp\/v2\/pages\/106\/revisions\/373"}],"up":[{"embeddable":true,"href":"https:\/\/www.blanks.es\/index.php?rest_route=\/wp\/v2\/pages\/8"}],"wp:attachment":[{"href":"https:\/\/www.blanks.es\/index.php?rest_route=%2Fwp%2Fv2%2Fmedia&parent=106"}],"curies":[{"name":"wp","href":"https:\/\/api.w.org\/{rel}","templated":true}]}}